{"id":7,"date":"2015-02-10T19:21:05","date_gmt":"2015-02-10T19:21:05","guid":{"rendered":"http:\/\/avada.theme-fusion.com_demos\/architecture\/?page_id=7"},"modified":"2025-03-18T10:29:37","modified_gmt":"2025-03-18T13:29:37","slug":"home","status":"publish","type":"page","link":"https:\/\/autoescolaveneza.com\/","title":{"rendered":"Home"},"content":{"rendered":"<div class=\"fusion-fullwidth fullwidth-box fusion-builder-row-1 nonhundred-percent-fullwidth non-hundred-percent-height-scrolling\" style=\"--awb-background-position:left top;--awb-border-sizes-top:0px;--awb-border-sizes-bottom:0px;--awb-border-sizes-left:0px;--awb-border-sizes-right:0px;--awb-border-radius-top-left:0px;--awb-border-radius-top-right:0px;--awb-border-radius-bottom-right:0px;--awb-border-radius-bottom-left:0px;--awb-padding-top:50px;--awb-padding-bottom:50px;--awb-flex-wrap:wrap;\" ><div class=\"fusion-builder-row fusion-row\"><div class=\"fusion-layout-column fusion_builder_column fusion-builder-column-0 fusion_builder_column_1_3 1_3 fusion-one-third fusion-column-first\" style=\"--awb-bg-size:cover;--awb-margin-bottom:40px;width:30.6666%; margin-right: 4%;\"><div class=\"fusion-column-wrapper fusion-flex-column-wrapper-legacy\"><div class=\"fusion-text fusion-text-1\"><h2 style=\"text-align: center;\">AUTOESCOLA VENEZA<\/h2>\n<\/div><div class=\"fusion-sep-clear\"><\/div><div class=\"fusion-separator fusion-clearfix\" style=\"float:left;margin-top:0px;margin-bottom:35px;width:100%;max-width:170px;\"><div class=\"fusion-separator-border sep-single sep-solid\" style=\"--awb-height:20px;--awb-amount:20px;--awb-sep-color:#e2e3e8;border-color:#e2e3e8;border-top-width:3px;\"><\/div><\/div><div class=\"fusion-sep-clear\"><\/div><div class=\"fusion-text fusion-text-2\"><h3 class=\"fusion-responsive-typography-calculated\" style=\"--fontsize: 22; line-height: 1.91; --minfontsize: 22;\" data-fontsize=\"22\" data-lineheight=\"42.02px\"><em><span style=\"vertical-align: inherit;\">Aqui voc\u00ea encontra alto \u00edndice de aprova\u00e7\u00e3o, com instrutores experientes, parcelas que cabem no seu bolso e 25 anos de tradi\u00e7\u00e3o. <\/span><\/em><\/h3>\n<h3 class=\"fusion-responsive-typography-calculated\" style=\"--fontsize: 22; line-height: 1.91; --minfontsize: 22;\" data-fontsize=\"22\" data-lineheight=\"42.02px\"><em><span style=\"vertical-align: inherit;\">Fa\u00e7a agora sua matr\u00edcula!<\/span><\/em><\/h3>\n<h3 class=\"fusion-responsive-typography-calculated\" style=\"--fontsize: 22; line-height: 1.91; --minfontsize: 22;\" data-fontsize=\"22\" data-lineheight=\"42.02px\"><\/h3>\n<h3 class=\"fusion-responsive-typography-calculated\" style=\"--fontsize: 22; line-height: 1.91; --minfontsize: 22;\" data-fontsize=\"22\" data-lineheight=\"42.02px\"><\/h3>\n<h3 class=\"fusion-responsive-typography-calculated\" style=\"--fontsize: 22; line-height: 1.91; --minfontsize: 22;\" data-fontsize=\"22\" data-lineheight=\"42.02px\"><\/h3>\n<\/div><div class=\"fusion-clearfix\"><\/div><\/div><\/div><div class=\"fusion-layout-column fusion_builder_column fusion-builder-column-1 fusion_builder_column_1_3 1_3 fusion-one-third\" style=\"--awb-bg-size:cover;--awb-margin-bottom:0px;width:30.6666%; margin-right: 4%;\"><div class=\"fusion-column-wrapper fusion-flex-column-wrapper-legacy\"><div class=\"fusion-image-element fusion-image-align-center in-legacy-container\" style=\"text-align:center;--awb-caption-title-font-family:var(--h2_typography-font-family);--awb-caption-title-font-weight:var(--h2_typography-font-weight);--awb-caption-title-font-style:var(--h2_typography-font-style);--awb-caption-title-size:var(--h2_typography-font-size);--awb-caption-title-transform:var(--h2_typography-text-transform);--awb-caption-title-line-height:var(--h2_typography-line-height);--awb-caption-title-letter-spacing:var(--h2_typography-letter-spacing);\"><div class=\"imageframe-align-center\"><span class=\" fusion-imageframe imageframe-none imageframe-1 hover-type-none\"><img decoding=\"async\" width=\"300\" height=\"211\" title=\"Bem vindo a autoescola Veneza\" src=\"https:\/\/autoescolaveneza.com\/wp-content\/uploads\/2019\/06\/Site-Home-300x211.jpg\" alt class=\"img-responsive wp-image-1725\" srcset=\"https:\/\/autoescolaveneza.com\/wp-content\/uploads\/2019\/06\/Site-Home-200x140.jpg 200w, https:\/\/autoescolaveneza.com\/wp-content\/uploads\/2019\/06\/Site-Home.jpg 356w\" sizes=\"(max-width: 800px) 100vw, 300px\" \/><\/span><\/div><\/div><div class=\"fusion-sep-clear\"><\/div><div class=\"fusion-separator fusion-full-width-sep fusion-clearfix\" style=\"float:left;margin-top:10px;margin-bottom:10px;width:100%;\"><\/div><div class=\"fusion-sep-clear\"><\/div><div class=\"fusion-text fusion-text-3\"><p>Seja bem-vindo ao nosso site!<\/p>\n<p>Aqui voc\u00ea poder\u00e1 conhecer um pouco melhor o nosso trabalho como autoescola na \u00e1rea do tr\u00e2nsito. Por isso somos uma das melhores Autoescolas de Ribeir\u00e3o Preto.<\/p>\n<p>Nossa miss\u00e3o \u00e9 entregar a CNH na sua m\u00e3o, fazendo com que voc\u00ea aprenda a dirigir de verdade! Ent\u00e3o, n\u00e3o perca tempo e aproveite um de nossos planos de pagamentos facilitado.<\/p>\n<p>Temos planos de pagamento no boleto ou cart\u00e3o. Portanto, inicie j\u00e1 seu processo de habilita\u00e7\u00e3o!<\/p>\n<\/div><div class=\"fusion-clearfix\"><\/div><\/div><\/div><div class=\"fusion-layout-column fusion_builder_column fusion-builder-column-2 fusion_builder_column_1_3 1_3 fusion-one-third fusion-column-last\" style=\"--awb-bg-size:cover;width:30.6666%;\"><div class=\"fusion-column-wrapper fusion-flex-column-wrapper-legacy\"><div class=\"fusion-text fusion-text-4\"><p>Quer tirar CNH? Est\u00e1 procurando Autoescola? Tem d\u00favidas para escolher? Venha para Autoescola Veneza!<\/p>\n<p>Contamos com uma equipe especializada, com profissionais atenciosos e experientes, para tornar seu processo de habilita\u00e7\u00e3o uma experiencia capacitante e prazerosa.<\/p>\n<p>Nunca foi t\u00e3o f\u00e1cil tirar sua carteira de motorista em Ribeir\u00e3o Preto! Na Autoescola Veneza voc\u00ea encontra planos de pagamento parcelado, no cart\u00e3o ou boleto, podendo dividir em at\u00e9 12 pagamentos sem juros!<\/p>\n<p>Nosso foco \u00e9 a aprova\u00e7\u00e3o do aluno em primeiro exame. Por isso somos bem avaliados pelos nossos alunos, que\u00a0 tem alto \u00edndice de aprova\u00e7\u00e3o, que pode ser confirmado por consulta p\u00fablica ao site do Detran. Satisfa\u00e7\u00e3o garantida \u00e9 aqui!<\/p>\n<p>Agilidade no processo, qualidade, tradi\u00e7\u00e3o, confian\u00e7a, experi\u00eancia! Venha para Autoescola Veneza!<\/p>\n<\/div><div class=\"fusion-clearfix\"><\/div><\/div><\/div><\/div><\/div>\n","protected":false},"excerpt":{"rendered":"","protected":false},"author":1,"featured_media":0,"parent":0,"menu_order":0,"comment_status":"closed","ping_status":"open","template":"100-width.php","meta":{"footnotes":""},"class_list":["post-7","page","type-page","status-publish","hentry"],"yoast_head":"<!-- This site is optimized with the Yoast SEO plugin v27.5 - https:\/\/yoast.com\/product\/yoast-seo-wordpress\/ -->\n<title>Autoescola Veneza em Ribeir\u00e3o Preto - SP<\/title>\n<meta name=\"description\" content=\"A Sua Melhor Escolha em Autoescola em Ribeir\u00e3o Preto! 25 Anos de Tradi\u00e7\u00e3o, Parcelas que Cabem no Seu Bolso, Alto \u00cdndice de Aprova\u00e7\u00e3o. CNH na M\u00e3o \u00e9 Aqui!\" \/>\n<meta name=\"robots\" content=\"index, follow, max-snippet:-1, max-image-preview:large, max-video-preview:-1\" \/>\n<link rel=\"canonical\" href=\"https:\/\/autoescolaveneza.com\/\" \/>\n<meta property=\"og:locale\" content=\"pt_BR\" \/>\n<meta property=\"og:type\" content=\"article\" \/>\n<meta property=\"og:title\" content=\"Autoescola Veneza em Ribeir\u00e3o Preto - SP\" \/>\n<meta property=\"og:description\" content=\"A Sua Melhor Escolha em Autoescola em Ribeir\u00e3o Preto! 25 Anos de Tradi\u00e7\u00e3o, Parcelas que Cabem no Seu Bolso, Alto \u00cdndice de Aprova\u00e7\u00e3o. CNH na M\u00e3o \u00e9 Aqui!\" \/>\n<meta property=\"og:url\" content=\"https:\/\/autoescolaveneza.com\/\" \/>\n<meta property=\"og:site_name\" content=\"Autoescola Veneza em Ribeir\u00e3o Preto - SP\" \/>\n<meta property=\"article:publisher\" content=\"https:\/\/www.facebook.com\/Autoescolaedespachanteveneza\/\" \/>\n<meta property=\"article:modified_time\" content=\"2025-03-18T13:29:37+00:00\" \/>\n<meta property=\"og:image\" content=\"https:\/\/autoescolaveneza.com\/wp-content\/uploads\/2018\/09\/Logo-AE-300-dpi.png\" \/>\n\t<meta property=\"og:image:width\" content=\"202\" \/>\n\t<meta property=\"og:image:height\" content=\"103\" \/>\n\t<meta property=\"og:image:type\" content=\"image\/png\" \/>\n<meta name=\"twitter:card\" content=\"summary_large_image\" \/>\n<meta name=\"twitter:label1\" content=\"Est. tempo de leitura\" \/>\n\t<meta name=\"twitter:data1\" content=\"2 minutos\" \/>\n<script type=\"application\/ld+json\" class=\"yoast-schema-graph\">{\"@context\":\"https:\\\/\\\/schema.org\",\"@graph\":[{\"@type\":\"WebPage\",\"@id\":\"https:\\\/\\\/autoescolaveneza.com\\\/\",\"url\":\"https:\\\/\\\/autoescolaveneza.com\\\/\",\"name\":\"Autoescola Veneza em Ribeir\u00e3o Preto - SP\",\"isPartOf\":{\"@id\":\"https:\\\/\\\/autoescolaveneza.com\\\/#website\"},\"datePublished\":\"2015-02-10T19:21:05+00:00\",\"dateModified\":\"2025-03-18T13:29:37+00:00\",\"description\":\"A Sua Melhor Escolha em Autoescola em Ribeir\u00e3o Preto! 25 Anos de Tradi\u00e7\u00e3o, Parcelas que Cabem no Seu Bolso, Alto \u00cdndice de Aprova\u00e7\u00e3o. CNH na M\u00e3o \u00e9 Aqui!\",\"breadcrumb\":{\"@id\":\"https:\\\/\\\/autoescolaveneza.com\\\/#breadcrumb\"},\"inLanguage\":\"pt-BR\",\"potentialAction\":[{\"@type\":\"ReadAction\",\"target\":[\"https:\\\/\\\/autoescolaveneza.com\\\/\"]}]},{\"@type\":\"BreadcrumbList\",\"@id\":\"https:\\\/\\\/autoescolaveneza.com\\\/#breadcrumb\",\"itemListElement\":[{\"@type\":\"ListItem\",\"position\":1,\"name\":\"In\u00edcio\",\"item\":\"https:\\\/\\\/autoescolaveneza.com\\\/\"},{\"@type\":\"ListItem\",\"position\":2,\"name\":\"Home\"}]},{\"@type\":\"WebSite\",\"@id\":\"https:\\\/\\\/autoescolaveneza.com\\\/#website\",\"url\":\"https:\\\/\\\/autoescolaveneza.com\\\/\",\"name\":\"Autoescola Veneza em Ribeir\u00e3o Preto - SP\",\"description\":\"Autoescola Veneza em Ribeir\u00e3o Preto!\",\"publisher\":{\"@id\":\"https:\\\/\\\/autoescolaveneza.com\\\/#organization\"},\"potentialAction\":[{\"@type\":\"SearchAction\",\"target\":{\"@type\":\"EntryPoint\",\"urlTemplate\":\"https:\\\/\\\/autoescolaveneza.com\\\/?s={search_term_string}\"},\"query-input\":{\"@type\":\"PropertyValueSpecification\",\"valueRequired\":true,\"valueName\":\"search_term_string\"}}],\"inLanguage\":\"pt-BR\"},{\"@type\":\"Organization\",\"@id\":\"https:\\\/\\\/autoescolaveneza.com\\\/#organization\",\"name\":\"Autoescola Veneza em Ribeir\u00e3o Preto\",\"url\":\"https:\\\/\\\/autoescolaveneza.com\\\/\",\"logo\":{\"@type\":\"ImageObject\",\"inLanguage\":\"pt-BR\",\"@id\":\"https:\\\/\\\/autoescolaveneza.com\\\/#\\\/schema\\\/logo\\\/image\\\/\",\"url\":\"https:\\\/\\\/autoescolaveneza.com\\\/wp-content\\\/uploads\\\/2018\\\/07\\\/Logo-site-header-e1534345976454.png\",\"contentUrl\":\"https:\\\/\\\/autoescolaveneza.com\\\/wp-content\\\/uploads\\\/2018\\\/07\\\/Logo-site-header-e1534345976454.png\",\"width\":400,\"height\":203,\"caption\":\"Autoescola Veneza em Ribeir\u00e3o Preto\"},\"image\":{\"@id\":\"https:\\\/\\\/autoescolaveneza.com\\\/#\\\/schema\\\/logo\\\/image\\\/\"},\"sameAs\":[\"https:\\\/\\\/www.facebook.com\\\/Autoescolaedespachanteveneza\\\/\",\"https:\\\/\\\/www.instagram.com\\\/aeveneza\\\/\"]}]}<\/script>\n<!-- \/ Yoast SEO plugin. -->","yoast_head_json":{"title":"Autoescola Veneza em Ribeir\u00e3o Preto - SP","description":"A Sua Melhor Escolha em Autoescola em Ribeir\u00e3o Preto! 25 Anos de Tradi\u00e7\u00e3o, Parcelas que Cabem no Seu Bolso, Alto \u00cdndice de Aprova\u00e7\u00e3o. CNH na M\u00e3o \u00e9 Aqui!","robots":{"index":"index","follow":"follow","max-snippet":"max-snippet:-1","max-image-preview":"max-image-preview:large","max-video-preview":"max-video-preview:-1"},"canonical":"https:\/\/autoescolaveneza.com\/","og_locale":"pt_BR","og_type":"article","og_title":"Autoescola Veneza em Ribeir\u00e3o Preto - SP","og_description":"A Sua Melhor Escolha em Autoescola em Ribeir\u00e3o Preto! 25 Anos de Tradi\u00e7\u00e3o, Parcelas que Cabem no Seu Bolso, Alto \u00cdndice de Aprova\u00e7\u00e3o. CNH na M\u00e3o \u00e9 Aqui!","og_url":"https:\/\/autoescolaveneza.com\/","og_site_name":"Autoescola Veneza em Ribeir\u00e3o Preto - SP","article_publisher":"https:\/\/www.facebook.com\/Autoescolaedespachanteveneza\/","article_modified_time":"2025-03-18T13:29:37+00:00","og_image":[{"width":202,"height":103,"url":"https:\/\/autoescolaveneza.com\/wp-content\/uploads\/2018\/09\/Logo-AE-300-dpi.png","type":"image\/png"}],"twitter_card":"summary_large_image","twitter_misc":{"Est. tempo de leitura":"2 minutos"},"schema":{"@context":"https:\/\/schema.org","@graph":[{"@type":"WebPage","@id":"https:\/\/autoescolaveneza.com\/","url":"https:\/\/autoescolaveneza.com\/","name":"Autoescola Veneza em Ribeir\u00e3o Preto - SP","isPartOf":{"@id":"https:\/\/autoescolaveneza.com\/#website"},"datePublished":"2015-02-10T19:21:05+00:00","dateModified":"2025-03-18T13:29:37+00:00","description":"A Sua Melhor Escolha em Autoescola em Ribeir\u00e3o Preto! 25 Anos de Tradi\u00e7\u00e3o, Parcelas que Cabem no Seu Bolso, Alto \u00cdndice de Aprova\u00e7\u00e3o. CNH na M\u00e3o \u00e9 Aqui!","breadcrumb":{"@id":"https:\/\/autoescolaveneza.com\/#breadcrumb"},"inLanguage":"pt-BR","potentialAction":[{"@type":"ReadAction","target":["https:\/\/autoescolaveneza.com\/"]}]},{"@type":"BreadcrumbList","@id":"https:\/\/autoescolaveneza.com\/#breadcrumb","itemListElement":[{"@type":"ListItem","position":1,"name":"In\u00edcio","item":"https:\/\/autoescolaveneza.com\/"},{"@type":"ListItem","position":2,"name":"Home"}]},{"@type":"WebSite","@id":"https:\/\/autoescolaveneza.com\/#website","url":"https:\/\/autoescolaveneza.com\/","name":"Autoescola Veneza em Ribeir\u00e3o Preto - SP","description":"Autoescola Veneza em Ribeir\u00e3o Preto!","publisher":{"@id":"https:\/\/autoescolaveneza.com\/#organization"},"potentialAction":[{"@type":"SearchAction","target":{"@type":"EntryPoint","urlTemplate":"https:\/\/autoescolaveneza.com\/?s={search_term_string}"},"query-input":{"@type":"PropertyValueSpecification","valueRequired":true,"valueName":"search_term_string"}}],"inLanguage":"pt-BR"},{"@type":"Organization","@id":"https:\/\/autoescolaveneza.com\/#organization","name":"Autoescola Veneza em Ribeir\u00e3o Preto","url":"https:\/\/autoescolaveneza.com\/","logo":{"@type":"ImageObject","inLanguage":"pt-BR","@id":"https:\/\/autoescolaveneza.com\/#\/schema\/logo\/image\/","url":"https:\/\/autoescolaveneza.com\/wp-content\/uploads\/2018\/07\/Logo-site-header-e1534345976454.png","contentUrl":"https:\/\/autoescolaveneza.com\/wp-content\/uploads\/2018\/07\/Logo-site-header-e1534345976454.png","width":400,"height":203,"caption":"Autoescola Veneza em Ribeir\u00e3o Preto"},"image":{"@id":"https:\/\/autoescolaveneza.com\/#\/schema\/logo\/image\/"},"sameAs":["https:\/\/www.facebook.com\/Autoescolaedespachanteveneza\/","https:\/\/www.instagram.com\/aeveneza\/"]}]}},"_links":{"self":[{"href":"https:\/\/autoescolaveneza.com\/index.php\/wp-json\/wp\/v2\/pages\/7","targetHints":{"allow":["GET"]}}],"collection":[{"href":"https:\/\/autoescolaveneza.com\/index.php\/wp-json\/wp\/v2\/pages"}],"about":[{"href":"https:\/\/autoescolaveneza.com\/index.php\/wp-json\/wp\/v2\/types\/page"}],"author":[{"embeddable":true,"href":"https:\/\/autoescolaveneza.com\/index.php\/wp-json\/wp\/v2\/users\/1"}],"replies":[{"embeddable":true,"href":"https:\/\/autoescolaveneza.com\/index.php\/wp-json\/wp\/v2\/comments?post=7"}],"version-history":[{"count":10,"href":"https:\/\/autoescolaveneza.com\/index.php\/wp-json\/wp\/v2\/pages\/7\/revisions"}],"predecessor-version":[{"id":2000,"href":"https:\/\/autoescolaveneza.com\/index.php\/wp-json\/wp\/v2\/pages\/7\/revisions\/2000"}],"wp:attachment":[{"href":"https:\/\/autoescolaveneza.com\/index.php\/wp-json\/wp\/v2\/media?parent=7"}],"curies":[{"name":"wp","href":"https:\/\/api.w.org\/{rel}","templated":true}]}}