{"id":1584,"date":"2015-02-10T19:21:34","date_gmt":"2015-02-10T19:21:34","guid":{"rendered":"http:\/\/avada.theme-fusion.com_demos\/architecture\/?page_id=11"},"modified":"2019-05-24T17:09:49","modified_gmt":"2019-05-24T20:09:49","slug":"localizacao","status":"publish","type":"page","link":"https:\/\/autoescolaveneza.com\/index.php\/localizacao\/","title":{"rendered":"Localiza\u00e7\u00e3o"},"content":{"rendered":"<p><div class=\"fusion-fullwidth fullwidth-box fusion-builder-row-1 nonhundred-percent-fullwidth non-hundred-percent-height-scrolling\" style=\"--awb-background-position:left top;--awb-border-radius-top-left:0px;--awb-border-radius-top-right:0px;--awb-border-radius-bottom-right:0px;--awb-border-radius-bottom-left:0px;--awb-padding-top:30px;--awb-padding-bottom:30px;--awb-border-sizes-top:0px;--awb-border-sizes-bottom:0px;--awb-flex-wrap:wrap;\" ><div class=\"fusion-builder-row fusion-row\"><div class=\"fusion-layout-column fusion_builder_column fusion-builder-column-0 fusion_builder_column_1_2 1_2 fusion-one-half fusion-column-first\" style=\"--awb-bg-size:cover;width:48%; margin-right: 4%;\"><div class=\"fusion-column-wrapper fusion-flex-column-wrapper-legacy\"><div class=\"fusion-text fusion-text-1\"><h2>Fa\u00e7a-nos uma visita!<\/h2>\n<\/div><div class=\"fusion-sep-clear\"><\/div><div class=\"fusion-separator fusion-clearfix\" style=\"float:left;margin-top:0px;margin-bottom:35px;width:100%;max-width:170px;\"><div class=\"fusion-separator-border sep-single sep-solid\" style=\"--awb-height:20px;--awb-amount:20px;--awb-sep-color:#e2e3e8;border-color:#e2e3e8;border-top-width:3px;\"><\/div><\/div><div class=\"fusion-sep-clear\"><\/div><div class=\"fusion-text fusion-text-2\"><h3><em>No cora\u00e7\u00e3o da Vila Virginia, um dos bairros mais tradicionais de Ribeir\u00e3o.<\/em><\/h3>\n<\/div><div class=\"fusion-sep-clear\"><\/div><div class=\"fusion-separator fusion-full-width-sep fusion-clearfix\" style=\"float:left;margin-top:10px;margin-bottom:10px;width:100%;\"><\/div><div class=\"fusion-sep-clear\"><\/div><div class=\"fusion-text fusion-text-3\"><p>Temos uma localiza\u00e7\u00e3o privilegiada, pr\u00f3ximo a ag\u00eancias banc\u00e1rias, postos de combust\u00edveis, pontos de \u00f4nibus, ag\u00eancia dos correios, soverterias, supermercados, etc&#8230;<\/p>\n<div style=\"line-height: 23px;\">Autoescola Veneza<br \/>\nRua Rangel Pestana n.700<br \/>\nBairro: Vila Virginia<br \/>\nRibeir\u00e3o Preto &#8211; SP<br \/>\nCEP &#8211; 14030-210<\/div>\n<\/div><div class=\"fusion-clearfix\"><\/div><\/div><\/div><div class=\"fusion-layout-column fusion_builder_column fusion-builder-column-1 fusion_builder_column_1_2 1_2 fusion-one-half fusion-column-last\" style=\"--awb-bg-size:cover;width:48%;\"><div class=\"fusion-column-wrapper fusion-flex-column-wrapper-legacy\"><div class=\"fusion-sep-clear\"><\/div><div class=\"fusion-separator fusion-full-width-sep\" style=\"margin-left: auto;margin-right: auto;margin-top:50px;width:100%;\"><\/div><div class=\"fusion-sep-clear\"><\/div><div class=\"shortcode-map fusion-google-map fusion-maps-embed-type\"><iframe width=\"100%\" height=\"300px\" frameborder=\"0\" style=\"border:0\" src=\"https:\/\/www.google.com\/maps\/embed\/v1\/place?key=AIzaSyBiwN5Dt4YpyaJcr_6gqj7P4ISf0PU09XE&language=pt-BR&q=Rua+Rangel+Pestana,700,Ribeir\u00e3o+Preto,+S\u00e3o+Paulo&maptype=roadmap&zoom=14\" allowfullscreen><\/iframe><\/div><div class=\"fusion-clearfix\"><\/div><\/div><\/div><\/div><\/div><div class=\"fusion-fullwidth fullwidth-box fusion-builder-row-2 nonhundred-percent-fullwidth non-hundred-percent-height-scrolling\" style=\"--awb-border-radius-top-left:0px;--awb-border-radius-top-right:0px;--awb-border-radius-bottom-right:0px;--awb-border-radius-bottom-left:0px;--awb-flex-wrap:wrap;\" ><div class=\"fusion-builder-row fusion-row\"><div class=\"fusion-layout-column fusion_builder_column fusion-builder-column-2 fusion_builder_column_1_3 1_3 fusion-one-third fusion-column-first\" style=\"--awb-bg-size:cover;width:33.333333333333%;width:calc(33.333333333333% - ( ( 4% + 4% ) * 0.33333333333333 ) );margin-right: 4%;\"><div class=\"fusion-column-wrapper fusion-column-has-shadow fusion-flex-column-wrapper-legacy\"><div class=\"fusion-content-boxes content-boxes columns row fusion-columns-1 fusion-columns-total-1 fusion-content-boxes-1 content-boxes-icon-with-title content-left\" style=\"--awb-hover-accent-color:#2ba0a3;--awb-circle-hover-accent-color:#2ba0a3;--awb-item-margin-bottom:40px;\" data-animationOffset=\"top-into-view\"><div style=\"--awb-backgroundcolor:rgba(255,255,255,0);--awb-iconcolor:#005d8c;--awb-circle-hover-accent-color:transparent;\" class=\"fusion-column content-box-column content-box-column content-box-column-1 col-lg-12 col-md-12 col-sm-12 fusion-content-box-hover content-box-column-last content-box-column-last-in-row\"><div class=\"col content-box-wrapper content-wrapper link-area-link-icon icon-hover-animation-fade\" data-animationOffset=\"top-into-view\"><div class=\"heading heading-with-icon icon-left\"><div class=\"icon\"><i style=\"border-color:#333333;border-width:1px;background-color:rgba(0,0,0,0);box-sizing:content-box;height:42px;width:42px;line-height:42px;border-radius:50%;font-size:21px;\" aria-hidden=\"true\" class=\"fontawesome-icon fa-house-damage fas circle-yes\"><\/i><\/div><h2 class=\"content-box-heading fusion-responsive-typography-calculated\" style=\"--h2_typography-font-size:18px;--fontSize:18;line-height:1.25;\">Visite-nos<\/h2><\/div><div class=\"fusion-clearfix\"><\/div><div class=\"content-container\">\n<p><span style=\"vertical-align: inherit;\"><span style=\"vertical-align: inherit;\">Teremos o maior prazer em atende-lo!<\/span><\/span><\/p>\n<\/div><\/div><\/div><div class=\"fusion-clearfix\"><\/div><\/div><div class=\"fusion-clearfix\"><\/div><\/div><\/div><div class=\"fusion-layout-column fusion_builder_column fusion-builder-column-3 fusion_builder_column_1_3 1_3 fusion-one-third\" style=\"--awb-bg-size:cover;width:33.333333333333%;width:calc(33.333333333333% - ( ( 4% + 4% ) * 0.33333333333333 ) );margin-right: 4%;\"><div class=\"fusion-column-wrapper fusion-column-has-shadow fusion-flex-column-wrapper-legacy\"><div class=\"fusion-content-boxes content-boxes columns row fusion-columns-1 fusion-columns-total-1 fusion-content-boxes-2 content-boxes-icon-with-title content-left\" style=\"--awb-hover-accent-color:#2ba0a3;--awb-circle-hover-accent-color:#2ba0a3;--awb-item-margin-bottom:40px;\" data-animationOffset=\"top-into-view\"><div style=\"--awb-backgroundcolor:rgba(255,255,255,0);--awb-iconcolor:#005b8c;--awb-circle-hover-accent-color:transparent;\" class=\"fusion-column content-box-column content-box-column content-box-column-1 col-lg-12 col-md-12 col-sm-12 fusion-content-box-hover content-box-column-last content-box-column-last-in-row\"><div class=\"col content-box-wrapper content-wrapper link-area-link-icon icon-hover-animation-fade\" data-animationOffset=\"top-into-view\"><div class=\"heading heading-with-icon icon-left\"><div class=\"icon\"><i style=\"border-color:#333333;border-width:1px;background-color:rgba(51,51,51,0);box-sizing:content-box;height:42px;width:42px;line-height:42px;border-radius:50%;font-size:21px;\" aria-hidden=\"true\" class=\"fontawesome-icon fa-phone fas circle-yes\"><\/i><\/div><h2 class=\"content-box-heading fusion-responsive-typography-calculated\" style=\"--h2_typography-font-size:18px;--fontSize:18;line-height:1.25;\">Ligue<\/h2><\/div><div class=\"fusion-clearfix\"><\/div><div class=\"content-container\">\n<p>Ligue ou use o whatsapp para falar conosco.<\/p>\n<p>(16) 3620-4017<\/p>\n<p>(16)98867-8098<\/p>\n<\/div><\/div><\/div><div class=\"fusion-clearfix\"><\/div><\/div><div class=\"fusion-clearfix\"><\/div><\/div><\/div><div class=\"fusion-layout-column fusion_builder_column fusion-builder-column-4 fusion_builder_column_1_3 1_3 fusion-one-third fusion-column-last\" style=\"--awb-bg-size:cover;width:33.333333333333%;width:calc(33.333333333333% - ( ( 4% + 4% ) * 0.33333333333333 ) );\"><div class=\"fusion-column-wrapper fusion-column-has-shadow fusion-flex-column-wrapper-legacy\"><div class=\"fusion-content-boxes content-boxes columns row fusion-columns-1 fusion-columns-total-1 fusion-content-boxes-3 content-boxes-icon-with-title content-left\" style=\"--awb-hover-accent-color:#2ba0a3;--awb-circle-hover-accent-color:#2ba0a3;--awb-item-margin-bottom:40px;\" data-animationOffset=\"top-into-view\"><div style=\"--awb-backgroundcolor:rgba(255,255,255,0);--awb-iconcolor:#005b8c;--awb-circle-hover-accent-color:transparent;\" class=\"fusion-column content-box-column content-box-column content-box-column-1 col-lg-12 col-md-12 col-sm-12 fusion-content-box-hover content-box-column-last content-box-column-last-in-row\"><div class=\"col content-box-wrapper content-wrapper link-area-link-icon icon-hover-animation-fade\" data-animationOffset=\"top-into-view\"><div class=\"heading heading-with-icon icon-left\"><div class=\"icon\"><i style=\"border-color:#333333;border-width:1px;background-color:rgba(51,51,51,0);box-sizing:content-box;height:42px;width:42px;line-height:42px;border-radius:50%;font-size:21px;\" aria-hidden=\"true\" class=\"fontawesome-icon fa-envelope far circle-yes\"><\/i><\/div><h2 class=\"content-box-heading fusion-responsive-typography-calculated\" style=\"--h2_typography-font-size:18px;--fontSize:18;line-height:1.25;\">Email<\/h2><\/div><div class=\"fusion-clearfix\"><\/div><div class=\"content-container\">\n<p><span style=\"vertical-align: inherit;\"><span style=\"vertical-align: inherit;\">Mande um email que em breve retornaremos seu contato.<\/span><\/span><\/p>\n<p><a href=\"mailto:cfcveneza@yahoo.com\">cfcveneza@yahoo.com<\/a><\/p>\n<\/div><\/div><\/div><div class=\"fusion-clearfix\"><\/div><\/div><div class=\"fusion-clearfix\"><\/div><\/div><\/div><\/div><\/div><\/p>\n","protected":false},"excerpt":{"rendered":"","protected":false},"author":1,"featured_media":0,"parent":0,"menu_order":0,"comment_status":"closed","ping_status":"open","template":"100-width.php","meta":{"footnotes":""},"class_list":["post-1584","page","type-page","status-publish","hentry"],"yoast_head":"<!-- This site is optimized with the Yoast SEO plugin v27.5 - https:\/\/yoast.com\/product\/yoast-seo-wordpress\/ -->\n<title>Localiza\u00e7\u00e3o - Autoescola Veneza em Ribeir\u00e3o Preto - SP<\/title>\n<meta name=\"robots\" content=\"index, follow, max-snippet:-1, max-image-preview:large, max-video-preview:-1\" \/>\n<link rel=\"canonical\" href=\"https:\/\/autoescolaveneza.com\/index.php\/localizacao\/\" \/>\n<meta property=\"og:locale\" content=\"pt_BR\" \/>\n<meta property=\"og:type\" content=\"article\" \/>\n<meta property=\"og:title\" content=\"Localiza\u00e7\u00e3o - Autoescola Veneza em Ribeir\u00e3o Preto - SP\" \/>\n<meta property=\"og:url\" content=\"https:\/\/autoescolaveneza.com\/index.php\/localizacao\/\" \/>\n<meta property=\"og:site_name\" content=\"Autoescola Veneza em Ribeir\u00e3o Preto - SP\" \/>\n<meta property=\"article:publisher\" content=\"https:\/\/www.facebook.com\/Autoescolaedespachanteveneza\/\" \/>\n<meta property=\"article:modified_time\" content=\"2019-05-24T20:09:49+00:00\" \/>\n<meta property=\"og:image\" content=\"https:\/\/autoescolaveneza.com\/wp-content\/uploads\/2018\/09\/Logo-AE-300-dpi.png\" \/>\n\t<meta property=\"og:image:width\" content=\"202\" \/>\n\t<meta property=\"og:image:height\" content=\"103\" \/>\n\t<meta property=\"og:image:type\" content=\"image\/png\" \/>\n<meta name=\"twitter:card\" content=\"summary_large_image\" \/>\n<meta name=\"twitter:label1\" content=\"Est. tempo de leitura\" \/>\n\t<meta name=\"twitter:data1\" content=\"7 minutos\" \/>\n<script type=\"application\/ld+json\" class=\"yoast-schema-graph\">{\"@context\":\"https:\\\/\\\/schema.org\",\"@graph\":[{\"@type\":\"WebPage\",\"@id\":\"https:\\\/\\\/autoescolaveneza.com\\\/index.php\\\/localizacao\\\/\",\"url\":\"https:\\\/\\\/autoescolaveneza.com\\\/index.php\\\/localizacao\\\/\",\"name\":\"Localiza\u00e7\u00e3o - Autoescola Veneza em Ribeir\u00e3o Preto - SP\",\"isPartOf\":{\"@id\":\"https:\\\/\\\/autoescolaveneza.com\\\/#website\"},\"datePublished\":\"2015-02-10T19:21:34+00:00\",\"dateModified\":\"2019-05-24T20:09:49+00:00\",\"breadcrumb\":{\"@id\":\"https:\\\/\\\/autoescolaveneza.com\\\/index.php\\\/localizacao\\\/#breadcrumb\"},\"inLanguage\":\"pt-BR\",\"potentialAction\":[{\"@type\":\"ReadAction\",\"target\":[\"https:\\\/\\\/autoescolaveneza.com\\\/index.php\\\/localizacao\\\/\"]}]},{\"@type\":\"BreadcrumbList\",\"@id\":\"https:\\\/\\\/autoescolaveneza.com\\\/index.php\\\/localizacao\\\/#breadcrumb\",\"itemListElement\":[{\"@type\":\"ListItem\",\"position\":1,\"name\":\"In\u00edcio\",\"item\":\"https:\\\/\\\/autoescolaveneza.com\\\/\"},{\"@type\":\"ListItem\",\"position\":2,\"name\":\"Localiza\u00e7\u00e3o\"}]},{\"@type\":\"WebSite\",\"@id\":\"https:\\\/\\\/autoescolaveneza.com\\\/#website\",\"url\":\"https:\\\/\\\/autoescolaveneza.com\\\/\",\"name\":\"Autoescola Veneza em Ribeir\u00e3o Preto - SP\",\"description\":\"Autoescola Veneza em Ribeir\u00e3o Preto!\",\"publisher\":{\"@id\":\"https:\\\/\\\/autoescolaveneza.com\\\/#organization\"},\"potentialAction\":[{\"@type\":\"SearchAction\",\"target\":{\"@type\":\"EntryPoint\",\"urlTemplate\":\"https:\\\/\\\/autoescolaveneza.com\\\/?s={search_term_string}\"},\"query-input\":{\"@type\":\"PropertyValueSpecification\",\"valueRequired\":true,\"valueName\":\"search_term_string\"}}],\"inLanguage\":\"pt-BR\"},{\"@type\":\"Organization\",\"@id\":\"https:\\\/\\\/autoescolaveneza.com\\\/#organization\",\"name\":\"Autoescola Veneza em Ribeir\u00e3o Preto\",\"url\":\"https:\\\/\\\/autoescolaveneza.com\\\/\",\"logo\":{\"@type\":\"ImageObject\",\"inLanguage\":\"pt-BR\",\"@id\":\"https:\\\/\\\/autoescolaveneza.com\\\/#\\\/schema\\\/logo\\\/image\\\/\",\"url\":\"https:\\\/\\\/autoescolaveneza.com\\\/wp-content\\\/uploads\\\/2018\\\/07\\\/Logo-site-header-e1534345976454.png\",\"contentUrl\":\"https:\\\/\\\/autoescolaveneza.com\\\/wp-content\\\/uploads\\\/2018\\\/07\\\/Logo-site-header-e1534345976454.png\",\"width\":400,\"height\":203,\"caption\":\"Autoescola Veneza em Ribeir\u00e3o Preto\"},\"image\":{\"@id\":\"https:\\\/\\\/autoescolaveneza.com\\\/#\\\/schema\\\/logo\\\/image\\\/\"},\"sameAs\":[\"https:\\\/\\\/www.facebook.com\\\/Autoescolaedespachanteveneza\\\/\",\"https:\\\/\\\/www.instagram.com\\\/aeveneza\\\/\"]}]}<\/script>\n<!-- \/ Yoast SEO plugin. -->","yoast_head_json":{"title":"Localiza\u00e7\u00e3o - Autoescola Veneza em Ribeir\u00e3o Preto - SP","robots":{"index":"index","follow":"follow","max-snippet":"max-snippet:-1","max-image-preview":"max-image-preview:large","max-video-preview":"max-video-preview:-1"},"canonical":"https:\/\/autoescolaveneza.com\/index.php\/localizacao\/","og_locale":"pt_BR","og_type":"article","og_title":"Localiza\u00e7\u00e3o - Autoescola Veneza em Ribeir\u00e3o Preto - SP","og_url":"https:\/\/autoescolaveneza.com\/index.php\/localizacao\/","og_site_name":"Autoescola Veneza em Ribeir\u00e3o Preto - SP","article_publisher":"https:\/\/www.facebook.com\/Autoescolaedespachanteveneza\/","article_modified_time":"2019-05-24T20:09:49+00:00","og_image":[{"width":202,"height":103,"url":"https:\/\/autoescolaveneza.com\/wp-content\/uploads\/2018\/09\/Logo-AE-300-dpi.png","type":"image\/png"}],"twitter_card":"summary_large_image","twitter_misc":{"Est. tempo de leitura":"7 minutos"},"schema":{"@context":"https:\/\/schema.org","@graph":[{"@type":"WebPage","@id":"https:\/\/autoescolaveneza.com\/index.php\/localizacao\/","url":"https:\/\/autoescolaveneza.com\/index.php\/localizacao\/","name":"Localiza\u00e7\u00e3o - Autoescola Veneza em Ribeir\u00e3o Preto - SP","isPartOf":{"@id":"https:\/\/autoescolaveneza.com\/#website"},"datePublished":"2015-02-10T19:21:34+00:00","dateModified":"2019-05-24T20:09:49+00:00","breadcrumb":{"@id":"https:\/\/autoescolaveneza.com\/index.php\/localizacao\/#breadcrumb"},"inLanguage":"pt-BR","potentialAction":[{"@type":"ReadAction","target":["https:\/\/autoescolaveneza.com\/index.php\/localizacao\/"]}]},{"@type":"BreadcrumbList","@id":"https:\/\/autoescolaveneza.com\/index.php\/localizacao\/#breadcrumb","itemListElement":[{"@type":"ListItem","position":1,"name":"In\u00edcio","item":"https:\/\/autoescolaveneza.com\/"},{"@type":"ListItem","position":2,"name":"Localiza\u00e7\u00e3o"}]},{"@type":"WebSite","@id":"https:\/\/autoescolaveneza.com\/#website","url":"https:\/\/autoescolaveneza.com\/","name":"Autoescola Veneza em Ribeir\u00e3o Preto - SP","description":"Autoescola Veneza em Ribeir\u00e3o Preto!","publisher":{"@id":"https:\/\/autoescolaveneza.com\/#organization"},"potentialAction":[{"@type":"SearchAction","target":{"@type":"EntryPoint","urlTemplate":"https:\/\/autoescolaveneza.com\/?s={search_term_string}"},"query-input":{"@type":"PropertyValueSpecification","valueRequired":true,"valueName":"search_term_string"}}],"inLanguage":"pt-BR"},{"@type":"Organization","@id":"https:\/\/autoescolaveneza.com\/#organization","name":"Autoescola Veneza em Ribeir\u00e3o Preto","url":"https:\/\/autoescolaveneza.com\/","logo":{"@type":"ImageObject","inLanguage":"pt-BR","@id":"https:\/\/autoescolaveneza.com\/#\/schema\/logo\/image\/","url":"https:\/\/autoescolaveneza.com\/wp-content\/uploads\/2018\/07\/Logo-site-header-e1534345976454.png","contentUrl":"https:\/\/autoescolaveneza.com\/wp-content\/uploads\/2018\/07\/Logo-site-header-e1534345976454.png","width":400,"height":203,"caption":"Autoescola Veneza em Ribeir\u00e3o Preto"},"image":{"@id":"https:\/\/autoescolaveneza.com\/#\/schema\/logo\/image\/"},"sameAs":["https:\/\/www.facebook.com\/Autoescolaedespachanteveneza\/","https:\/\/www.instagram.com\/aeveneza\/"]}]}},"_links":{"self":[{"href":"https:\/\/autoescolaveneza.com\/index.php\/wp-json\/wp\/v2\/pages\/1584","targetHints":{"allow":["GET"]}}],"collection":[{"href":"https:\/\/autoescolaveneza.com\/index.php\/wp-json\/wp\/v2\/pages"}],"about":[{"href":"https:\/\/autoescolaveneza.com\/index.php\/wp-json\/wp\/v2\/types\/page"}],"author":[{"embeddable":true,"href":"https:\/\/autoescolaveneza.com\/index.php\/wp-json\/wp\/v2\/users\/1"}],"replies":[{"embeddable":true,"href":"https:\/\/autoescolaveneza.com\/index.php\/wp-json\/wp\/v2\/comments?post=1584"}],"version-history":[{"count":0,"href":"https:\/\/autoescolaveneza.com\/index.php\/wp-json\/wp\/v2\/pages\/1584\/revisions"}],"wp:attachment":[{"href":"https:\/\/autoescolaveneza.com\/index.php\/wp-json\/wp\/v2\/media?parent=1584"}],"curies":[{"name":"wp","href":"https:\/\/api.w.org\/{rel}","templated":true}]}}